{"id":393,"date":"2020-05-28T13:24:32","date_gmt":"2020-05-28T12:24:32","guid":{"rendered":"http:\/\/schragola.de\/wp\/?page_id=393"},"modified":"2020-05-28T13:38:41","modified_gmt":"2020-05-28T12:38:41","slug":"datenschutzerklaerung","status":"publish","type":"page","link":"https:\/\/schragola.de\/wp\/?page_id=393","title":{"rendered":"Datenschutzerkl\u00e4rung"},"content":{"rendered":"<p>Ich nehme den Schutz Ihrer pers\u00f6nlichen Daten sehr ernst. Ich behandele Ihre personenbezogenen Daten vertraulich und entsprechend der gesetzlichen Datenschutzvorschriften sowie dieser Datenschutzerkl\u00e4rung.<\/p>\n<p>Ich m\u00f6chte Sie hiermit \u00fcber die Verarbeitung von personenbezogenen Daten auf dieser Website informieren.<\/p>\n<p>Ich verarbeite Ihre pers\u00f6nlichen Daten nur, wenn Sie hierin eingewilligt haben oder hier eine gesetzliche Grundlage besteht.<br \/>\nVerantwortlich f\u00fcr die Verarbeitung der personenbezogenen Daten ist:<\/p>\n<p style=\"padding-left: 30px;\">Sabine Schrage<br \/>\nKasemattenstra\u00dfe 4<br \/>\n50679 K\u00f6ln<br \/>\nFon 0221 721 20 84<br \/>\ne-Mail info@schragola.de<\/p>\n<h5>Allgemein \u2013 Besuch der Website<\/h5>\n<p>Meine Website dient der Bereitstellung von Informationen \u00fcber meine T\u00e4tigkeit als Grafikerin.<\/p>\n<p>Personenbezogene Daten (Vor-, Nachname, E-mail-Adresse, Telefonnummer) werden auf meiner Website nicht erhoben.<\/p>\n<p>Beim Besuch meiner Website werden durch den auf Ihrem Endger\u00e4t zum Einsatz kommenden Browser Informationen an den Server meiner Website gesendet. Diese Informationen werden tempor\u00e4r in den Logfiles des Servers gespeichert. Folgende Informationen werden dabei erhoben:<\/p>\n<ul>\n<li>IP-Adresse des anfragenden Rechners,<\/li>\n<li>Datum und Uhrzeit des Zugriffs,<\/li>\n<li>Name und URL der abgerufenen Datei,<\/li>\n<li>zuvor besuchte Webseite (Referrer-URL),<\/li>\n<li>verwendeter Browser und ggf. das Betriebssystem Ihres Rechners sowie der Name Ihres Access-Providers.<\/li>\n<\/ul>\n<p>Die genannten Daten werden erhoben und verarbeitet, damit ein reibungsloser Verbindungsaufbau der Website sichergestellt wird und die Inhalte korrekt dargestellt werden. Die Daten werden gel\u00f6scht, wenn sie nicht mehr erforderlich sind.<\/p>\n<p>Die Rechtsgrundlage f\u00fcr die Datenverarbeitung ist Artikel 6 Absatz 1 Satz 1 lit. f DSGVO. Mein\/Unser berechtigtes Interesse folgt aus oben aufgelisteten Zwecken zur Datenerhebung. In keinem Fall verwende ich die erhobenen Daten zu dem Zweck, R\u00fcckschl\u00fcsse auf Ihre Person zu ziehen.<\/p>\n<h5>Kontaktaufnahme per E-Mail<\/h5>\n<p>Ich weise darauf hin, dass die Daten\u00fcbertragung im Internet Sicherheitsl\u00fccken aufweisen kann. Ein l\u00fcckenloser Schutz der Daten vor dem Zugriff durch Dritte ist nicht m\u00f6glich.<\/p>\n<p>Sollten Sie \u00fcber E-Mail-Kontakt mit mir aufnehmen, erfolgt die Verarbeitung Ihrer Daten aufgrund Ihrer freiwillig erteilten Einwilligung gem\u00e4\u00df Artikel 6 Absatz 1 Satz 1 lit. a DSGVO.<\/p>\n<p>Ihre Daten und Ihre Nachricht werden nur zur Bearbeitung und Beantwortung Ihrer Anfrage gespeichert. Die Daten werden gel\u00f6scht, sobald sie nicht mehr erforderlich sind und keine gesetzliche Aufbewahrungspflicht besteht. Eine Weitergabe Ihrer Daten an Dritte erfolgt nicht.<\/p>\n<p>Ihre Einwilligung k\u00f6nnen Sie jederzeit widerrufen. Durch den Widerruf wird die Rechtm\u00e4\u00dfigkeit, der aufgrund der Einwilligung bis zum Widerruf erfolgten Verarbeitung der Daten nicht ber\u00fchrt. Den Widerruf k\u00f6nnen Sie schriftlich oder per E-Mail-richten an:<\/p>\n<p style=\"padding-left: 30px;\">Sabine Schrage<br \/>\nKasemattenstra\u00dfe 4<br \/>\n50679 K\u00f6ln<br \/>\nFon 0221 721 20 84<br \/>\ne-Mail info@schragola.de<\/p>\n<p>Bitte schreiben Sie keine vertraulichen Informationen in eine unverschl\u00fcsselte E-Mail.<\/p>\n<h5>Weitergabe von Daten<\/h5>\n<p>Die auf meiner Website erhobenen Daten werden ohne Ihre ausdr\u00fcckliche Einwilligung (Artikel 6 Absatz 1 Satz 1 lit. a DSGVO) nicht an Dritte weitergegeben.<\/p>\n<h5>Cookies<\/h5>\n<p>Ich setze auf meiner Website Cookies ein. Cookies sind kleine Textdateien, die automatisch im Browser auf Ihrem Endger\u00e4t (Rechner, Laptop, Tablet, Smartphone o. \u00e4.) gespeichert werden, wenn Sie meine Seite besuchen. Die Cookie-Information wird von Ihrem Browser bei jedem weiteren Besuch unserer Website an unseren Server gesendet. Dies bedeutet jedoch nicht, dass wir dadurch unmittelbar Kenntnis von Ihrer Identit\u00e4t erhalten.<\/p>\n<p>Cookies dienen dazu, die Nutzung meiner Website f\u00fcr Sie angenehmer, effektiver und sicherer zu gestalten.<\/p>\n<p>Ich setze tempor\u00e4re Cookies ein, die nur f\u00fcr den Zeitraum Ihres Besuchs auf meiner Website im Browser Ihres Endger\u00e4tes gespeichert und automatisch gel\u00f6scht werden, sobald Sie Ihren Browser schlie\u00dfen.<\/p>\n<p>Ich setze auch persistente Cookies ein. Diese bleiben auch nach Ihrem Besuch meiner Website in Ihrem Browser gespeichert.<\/p>\n<p>Ihr Browser kann so eingestellt werden, dass Sie \u00fcber Cookies informiert werden und die Annahme von Cookies generell oder in Einzelf\u00e4llen erlauben oder generell ausschlie\u00dfen. Sie k\u00f6nnen Cookies \u00fcber Ihre Browsereinstellungen jederzeit l\u00f6schen. Bei der Deaktivieung von Cookies kann die Funktionalit\u00e4t dieser Website eingeschr\u00e4nkt sein.<\/p>\n<p>Die durch Cookies verarbeiteten Daten sind f\u00fcr die genannten Zwecke zur Wahrung meiner berechtigten Interessen Artikel 6 Absatz 1 Satz 1 lit. f DSGVO erforderlich.<\/p>\n<h5>Ihre Rechte<\/h5>\n<p>Sie haben folgende Rechte:<\/p>\n<ul>\n<li>Recht auf Auskunft \u00fcber Ihre von mir verarbeiteten personenbezogenen Daten (Artikel 15 DSGVO), dazu geh\u00f6rt auch: Auskunft \u00fcber Verarbeitungszweck, Kategorie der personenbezogenen Daten, Empf\u00e4nger oder Kategorien von Empf\u00e4ngern, geplante Speicherdauer<\/li>\n<li>Recht auf unverz\u00fcgliche Berichtigung unrichtiger Daten oder Vervollst\u00e4ndigung unvollst\u00e4ndiger Daten (Artikel 16 DSGVO),<\/li>\n<li>Recht auf unverz\u00fcgliche L\u00f6schung (Artikel 17 DSGVO),<\/li>\n<li>Recht auf Einschr\u00e4nkung der Verarbeitung (Artikel 18 DSGVO),<\/li>\n<li>Recht auf Daten\u00fcbertragbarkeit (Artikel 20 DSGVO),<\/li>\n<li>Recht auf jederzeitigen Widerruf Ihrer einmal erteilten Einwilligung (Artikel 7 Absatz 3 DSGVO),<\/li>\n<li>Recht auf Widerspruch gegen die Verarbeitung bei der Datenerhebung auf Grundlage von berechtigten Interessen nach Artikel 6 Absatz 1 Satz 1 lit. f DSGVO, soweit daf\u00fcr Gr\u00fcnde vorliegen, die sich aus Ihrer besonderen Situation ergeben (Artikel 21 DSGVO),<\/li>\n<li>Recht, nicht einer ausschlie\u00dflich auf einer automatisierten Verarbeitung \u2013 einschlie\u00dflich Profiling \u2013 beruhenden Entscheidung unterworfen zu werden, die Ihnen gegen\u00fcber rechtliche Wirkung entfaltet oder sie in \u00e4hnlicher Weise erheblich beeintr\u00e4chtigt (Art. 22 DSGVO).<\/li>\n<\/ul>\n<p>Um diese Rechte geltend zu machen, k\u00f6nnen Sie sich jederzeit an den unter Ziffer 1 genannten Verantwortlichen wenden.<\/p>\n<ul>\n<li>Beschwerderecht bei Aufsichtsbeh\u00f6rde: Sie haben das Recht, sich bei einer Aufsichtsbeh\u00f6rde zu beschweren (Artikel 77 DSGVO). In der Regel k\u00f6nnen Sie sich hierf\u00fcr an die Aufsichtsbeh\u00f6rde Ihres \u00fcblichen Aufenthaltsortes oder Arbeitsplatzes wenden.<\/li>\n<\/ul>\n<h5>Aktualit\u00e4t und \u00c4nderung dieser Datenschutzerkl\u00e4rung<\/h5>\n<p>Diese Datenschutzerkl\u00e4rung hat den Stand Mai 2018. Ich behalte mir vor, die Datenschutzerkl\u00e4rung zu aktualisieren, um den Datenschutz zu verbessern oder an ge\u00e4nderte beh\u00f6rdliche oder gerichtliche Vorgaben anzupassen.<\/p>\n","protected":false},"excerpt":{"rendered":"<p>Ich nehme den Schutz Ihrer pers\u00f6nlichen Daten sehr ernst. Ich behandele Ihre personenbezogenen Daten vertraulich und entsprechend der gesetzlichen Datenschutzvorschriften sowie dieser Datenschutzerkl\u00e4rung. Ich m\u00f6chte Sie hiermit \u00fcber die Verarbeitung von personenbezogenen Daten auf dieser Website informieren. Ich verarbeite Ihre pers\u00f6nlichen Daten nur, wenn Sie hierin eingewilligt haben oder hier eine gesetzliche Grundlage besteht. Verantwortlich [&hellip;]<\/p>\n","protected":false},"author":2,"featured_media":0,"parent":0,"menu_order":0,"comment_status":"closed","ping_status":"closed","template":"","meta":[],"_links":{"self":[{"href":"https:\/\/schragola.de\/wp\/index.php?rest_route=\/wp\/v2\/pages\/393"}],"collection":[{"href":"https:\/\/schragola.de\/wp\/index.php?rest_route=\/wp\/v2\/pages"}],"about":[{"href":"https:\/\/schragola.de\/wp\/index.php?rest_route=\/wp\/v2\/types\/page"}],"author":[{"embeddable":true,"href":"https:\/\/schragola.de\/wp\/index.php?rest_route=\/wp\/v2\/users\/2"}],"replies":[{"embeddable":true,"href":"https:\/\/schragola.de\/wp\/index.php?rest_route=%2Fwp%2Fv2%2Fcomments&post=393"}],"version-history":[{"count":10,"href":"https:\/\/schragola.de\/wp\/index.php?rest_route=\/wp\/v2\/pages\/393\/revisions"}],"predecessor-version":[{"id":412,"href":"https:\/\/schragola.de\/wp\/index.php?rest_route=\/wp\/v2\/pages\/393\/revisions\/412"}],"wp:attachment":[{"href":"https:\/\/schragola.de\/wp\/index.php?rest_route=%2Fwp%2Fv2%2Fmedia&parent=393"}],"curies":[{"name":"wp","href":"https:\/\/api.w.org\/{rel}","templated":true}]}}