{"id":385,"date":"2020-05-28T13:08:02","date_gmt":"2020-05-28T12:08:02","guid":{"rendered":"http:\/\/schragola.de\/wp\/?page_id=385"},"modified":"2020-05-28T13:08:02","modified_gmt":"2020-05-28T12:08:02","slug":"impressum","status":"publish","type":"page","link":"https:\/\/schragola.de\/wp\/?page_id=385","title":{"rendered":"Impressum"},"content":{"rendered":"<p><strong>Impressum<\/strong><\/p>\n<p>Inhaltlich verantwortlich (\u00a7 10 Absatz 3 MDStV):<br \/>\nSabine Schrage | Kasemattenstra\u00dfe 4 | 50679 K\u00f6ln | 0221 . 721 20 84 | info@schragola.de<br \/>\nUmsatzsteuer-Identifikationsnummer gem\u00e4\u00df \u00a7 27a Umsatzsteuergesetz: DE 19 60 62 687<\/p>\n<p>Haftungshinweis<br \/>\nTrotz sorgf\u00e4ltiger inhaltlicher Kontrolle \u00fcbernehme ich keine Haftung f\u00fcr die Inhalte externer Links. F\u00fcr den Inhalt der verlinkten Seiten sind ausschlie\u00dflich deren Betreiber verantwortlich.<\/p>\n<p>\u00a9 f\u00fcr alle Abbildungen und Texte: Sabine Schrage<\/p>\n<p>WP-Theme: Hannover by <a href=\"https:\/\/florianbrinkmann.de\" rel=\"nofollow\">Florian Brinkmann<\/a><\/p>\n","protected":false},"excerpt":{"rendered":"<p>Impressum Inhaltlich verantwortlich (\u00a7 10 Absatz 3 MDStV): Sabine Schrage | Kasemattenstra\u00dfe 4 | 50679 K\u00f6ln | 0221 . 721 20 84 | info@schragola.de Umsatzsteuer-Identifikationsnummer gem\u00e4\u00df \u00a7 27a Umsatzsteuergesetz: DE 19 60 62 687 Haftungshinweis Trotz sorgf\u00e4ltiger inhaltlicher Kontrolle \u00fcbernehme ich keine Haftung f\u00fcr die Inhalte externer Links. F\u00fcr den Inhalt der verlinkten Seiten sind [&hellip;]<\/p>\n","protected":false},"author":2,"featured_media":0,"parent":0,"menu_order":0,"comment_status":"closed","ping_status":"closed","template":"","meta":[],"_links":{"self":[{"href":"https:\/\/schragola.de\/wp\/index.php?rest_route=\/wp\/v2\/pages\/385"}],"collection":[{"href":"https:\/\/schragola.de\/wp\/index.php?rest_route=\/wp\/v2\/pages"}],"about":[{"href":"https:\/\/schragola.de\/wp\/index.php?rest_route=\/wp\/v2\/types\/page"}],"author":[{"embeddable":true,"href":"https:\/\/schragola.de\/wp\/index.php?rest_route=\/wp\/v2\/users\/2"}],"replies":[{"embeddable":true,"href":"https:\/\/schragola.de\/wp\/index.php?rest_route=%2Fwp%2Fv2%2Fcomments&post=385"}],"version-history":[{"count":2,"href":"https:\/\/schragola.de\/wp\/index.php?rest_route=\/wp\/v2\/pages\/385\/revisions"}],"predecessor-version":[{"id":391,"href":"https:\/\/schragola.de\/wp\/index.php?rest_route=\/wp\/v2\/pages\/385\/revisions\/391"}],"wp:attachment":[{"href":"https:\/\/schragola.de\/wp\/index.php?rest_route=%2Fwp%2Fv2%2Fmedia&parent=385"}],"curies":[{"name":"wp","href":"https:\/\/api.w.org\/{rel}","templated":true}]}}